{"id":20,"date":"2018-06-29T12:25:24","date_gmt":"2018-06-29T12:25:24","guid":{"rendered":"http:\/\/skjolgardur.de\/?page_id=20"},"modified":"2022-11-15T09:50:15","modified_gmt":"2022-11-15T09:50:15","slug":"zucht","status":"publish","type":"page","link":"https:\/\/skjolgardur.de\/?page_id=20","title":{"rendered":"Zucht"},"content":{"rendered":"\t\t<div data-elementor-type=\"wp-post\" data-elementor-id=\"20\" class=\"elementor elementor-20\">\n\t\t\t\t\t\t<section class=\"elementor-section elementor-top-section elementor-element elementor-element-45ec2348 elementor-section-content-top elementor-section-boxed elementor-section-height-default elementor-section-height-default\" data-id=\"45ec2348\" data-element_type=\"section\" data-e-type=\"section\" data-settings=\"{&quot;background_background&quot;:&quot;classic&quot;,&quot;shape_divider_top&quot;:&quot;split&quot;}\">\n\t\t\t\t\t<div class=\"elementor-shape elementor-shape-top\" aria-hidden=\"true\" data-negative=\"false\">\n\t\t\t<svg xmlns=\"http:\/\/www.w3.org\/2000\/svg\" viewBox=\"0 0 1000 20\" preserveAspectRatio=\"none\">\n\t<path class=\"elementor-shape-fill\" d=\"M0,0v3c0,0,393.8,0,483.4,0c9.2,0,16.6,7.4,16.6,16.6c0-9.1,7.4-16.6,16.6-16.6C606.2,3,1000,3,1000,3V0H0z\"\/>\n<\/svg>\t\t<\/div>\n\t\t\t\t\t<div class=\"elementor-container elementor-column-gap-no\">\n\t\t\t\t\t<div class=\"elementor-column elementor-col-100 elementor-top-column elementor-element elementor-element-3e72a03a\" data-id=\"3e72a03a\" data-element_type=\"column\" data-e-type=\"column\">\n\t\t\t<div class=\"elementor-widget-wrap elementor-element-populated\">\n\t\t\t\t\t\t<div class=\"elementor-element elementor-element-68bbe2e2 elementor-widget elementor-widget-heading\" data-id=\"68bbe2e2\" data-element_type=\"widget\" data-e-type=\"widget\" data-widget_type=\"heading.default\">\n\t\t\t\t<div class=\"elementor-widget-container\">\n\t\t\t\t\t<h2 class=\"elementor-heading-title elementor-size-default\">Mit viel Liebe und \"Z\u00fcchtergl\u00fcck\" haben wir fast zwei Jahrzehnte unser Zuchtziel verfolgt: <br>Leicht auszubildende Pferde mit tadellosem Charakter, die sowohl als verl\u00e4ssliches Freizeitpferd als auch im Turniersport einsetzbar sind. Aus Altersgr\u00fcnden haben wir beschlossen, unsere Zucht aufzugeben und unsere Pferde Ambitionierten \"Pferdemenschen\" anzuvertrauen.<br>Gand\u00e1lfur fr\u00e1 Selfossi bleibt weiter in unserem Besitz und freut sich auch 2023 auf Stuten von anderen Z\u00fcchtern.<\/h2>\t\t\t\t<\/div>\n\t\t\t\t<\/div>\n\t\t\t\t\t<\/div>\n\t\t<\/div>\n\t\t\t\t\t<\/div>\n\t\t<\/section>\n\t\t\t\t<section class=\"elementor-section elementor-top-section elementor-element elementor-element-491ee7e2 elementor-section-boxed elementor-section-height-default elementor-section-height-default\" data-id=\"491ee7e2\" data-element_type=\"section\" data-e-type=\"section\">\n\t\t\t\t\t\t<div class=\"elementor-container elementor-column-gap-default\">\n\t\t\t\t\t<div class=\"elementor-column elementor-col-100 elementor-top-column elementor-element elementor-element-34906951\" data-id=\"34906951\" data-element_type=\"column\" data-e-type=\"column\">\n\t\t\t<div class=\"elementor-widget-wrap elementor-element-populated\">\n\t\t\t\t\t\t<div class=\"elementor-element elementor-element-4d26583b elementor-widget-divider--view-line elementor-widget elementor-widget-divider\" data-id=\"4d26583b\" data-element_type=\"widget\" data-e-type=\"widget\" data-widget_type=\"divider.default\">\n\t\t\t\t<div class=\"elementor-widget-container\">\n\t\t\t\t\t\t\t<div class=\"elementor-divider\">\n\t\t\t<span class=\"elementor-divider-separator\">\n\t\t\t\t\t\t<\/span>\n\t\t<\/div>\n\t\t\t\t\t\t<\/div>\n\t\t\t\t<\/div>\n\t\t\t\t<div class=\"elementor-element elementor-element-30a3968 elementor-widget elementor-widget-image-gallery\" data-id=\"30a3968\" data-element_type=\"widget\" data-e-type=\"widget\" data-widget_type=\"image-gallery.default\">\n\t\t\t\t<div class=\"elementor-widget-container\">\n\t\t\t\t\t\t\t<div class=\"elementor-image-gallery\">\n\t\t\t<div id='gallery-1' class='gallery galleryid-20 gallery-columns-3 gallery-size-medium_large'><figure class='gallery-item'>\n\t\t\t<div class='gallery-icon landscape'>\n\t\t\t\t<a data-elementor-open-lightbox=\"yes\" data-elementor-lightbox-slideshow=\"30a3968\" data-elementor-lightbox-title=\"ac5147fa-0641-4021-8898-dc2c648326df\" data-e-action-hash=\"#elementor-action%3Aaction%3Dlightbox%26settings%3DeyJpZCI6MTY5LCJ1cmwiOiJodHRwczpcL1wvc2tqb2xnYXJkdXIuZGVcL3dwLWNvbnRlbnRcL3VwbG9hZHNcLzIwMTlcLzA3XC9hYzUxNDdmYS0wNjQxLTQwMjEtODg5OC1kYzJjNjQ4MzI2ZGYuanBnIiwic2xpZGVzaG93IjoiMzBhMzk2OCJ9\" href='https:\/\/skjolgardur.de\/wp-content\/uploads\/2019\/07\/ac5147fa-0641-4021-8898-dc2c648326df.jpg'><img fetchpriority=\"high\" decoding=\"async\" width=\"768\" height=\"576\" src=\"https:\/\/skjolgardur.de\/wp-content\/uploads\/2019\/07\/ac5147fa-0641-4021-8898-dc2c648326df-768x576.jpg\" class=\"attachment-medium_large size-medium_large\" alt=\"\" srcset=\"https:\/\/skjolgardur.de\/wp-content\/uploads\/2019\/07\/ac5147fa-0641-4021-8898-dc2c648326df-768x576.jpg 768w, https:\/\/skjolgardur.de\/wp-content\/uploads\/2019\/07\/ac5147fa-0641-4021-8898-dc2c648326df-300x225.jpg 300w, https:\/\/skjolgardur.de\/wp-content\/uploads\/2019\/07\/ac5147fa-0641-4021-8898-dc2c648326df.jpg 1024w\" sizes=\"(max-width: 768px) 100vw, 768px\" \/><\/a>\n\t\t\t<\/div><\/figure><figure class='gallery-item'>\n\t\t\t<div class='gallery-icon landscape'>\n\t\t\t\t<a data-elementor-open-lightbox=\"yes\" data-elementor-lightbox-slideshow=\"30a3968\" data-elementor-lightbox-title=\"4515df41-6b0c-4f9d-95f6-108520213698\" data-e-action-hash=\"#elementor-action%3Aaction%3Dlightbox%26settings%3DeyJpZCI6MTY4LCJ1cmwiOiJodHRwczpcL1wvc2tqb2xnYXJkdXIuZGVcL3dwLWNvbnRlbnRcL3VwbG9hZHNcLzIwMTlcLzA3XC80NTE1ZGY0MS02YjBjLTRmOWQtOTVmNi0xMDg1MjAyMTM2OTguanBnIiwic2xpZGVzaG93IjoiMzBhMzk2OCJ9\" href='https:\/\/skjolgardur.de\/wp-content\/uploads\/2019\/07\/4515df41-6b0c-4f9d-95f6-108520213698.jpg'><img decoding=\"async\" width=\"768\" height=\"576\" src=\"https:\/\/skjolgardur.de\/wp-content\/uploads\/2019\/07\/4515df41-6b0c-4f9d-95f6-108520213698-768x576.jpg\" class=\"attachment-medium_large size-medium_large\" alt=\"\" srcset=\"https:\/\/skjolgardur.de\/wp-content\/uploads\/2019\/07\/4515df41-6b0c-4f9d-95f6-108520213698-768x576.jpg 768w, https:\/\/skjolgardur.de\/wp-content\/uploads\/2019\/07\/4515df41-6b0c-4f9d-95f6-108520213698-300x225.jpg 300w, https:\/\/skjolgardur.de\/wp-content\/uploads\/2019\/07\/4515df41-6b0c-4f9d-95f6-108520213698.jpg 1024w\" sizes=\"(max-width: 768px) 100vw, 768px\" \/><\/a>\n\t\t\t<\/div><\/figure><figure class='gallery-item'>\n\t\t\t<div class='gallery-icon landscape'>\n\t\t\t\t<a data-elementor-open-lightbox=\"yes\" data-elementor-lightbox-slideshow=\"30a3968\" data-elementor-lightbox-title=\"IMG_3749\" data-e-action-hash=\"#elementor-action%3Aaction%3Dlightbox%26settings%3DeyJpZCI6MTY0LCJ1cmwiOiJodHRwczpcL1wvc2tqb2xnYXJkdXIuZGVcL3dwLWNvbnRlbnRcL3VwbG9hZHNcLzIwMTlcLzA3XC9JTUdfMzc0OS5qcGciLCJzbGlkZXNob3ciOiIzMGEzOTY4In0%3D\" href='https:\/\/skjolgardur.de\/wp-content\/uploads\/2019\/07\/IMG_3749.jpg'><img decoding=\"async\" width=\"768\" height=\"576\" src=\"https:\/\/skjolgardur.de\/wp-content\/uploads\/2019\/07\/IMG_3749-768x576.jpg\" class=\"attachment-medium_large size-medium_large\" alt=\"\" srcset=\"https:\/\/skjolgardur.de\/wp-content\/uploads\/2019\/07\/IMG_3749-768x576.jpg 768w, https:\/\/skjolgardur.de\/wp-content\/uploads\/2019\/07\/IMG_3749-300x225.jpg 300w, https:\/\/skjolgardur.de\/wp-content\/uploads\/2019\/07\/IMG_3749-1024x768.jpg 1024w\" sizes=\"(max-width: 768px) 100vw, 768px\" \/><\/a>\n\t\t\t<\/div><\/figure><figure class='gallery-item'>\n\t\t\t<div class='gallery-icon landscape'>\n\t\t\t\t<a data-elementor-open-lightbox=\"yes\" data-elementor-lightbox-slideshow=\"30a3968\" data-elementor-lightbox-title=\"IMG_3703\" data-e-action-hash=\"#elementor-action%3Aaction%3Dlightbox%26settings%3DeyJpZCI6MTY1LCJ1cmwiOiJodHRwczpcL1wvc2tqb2xnYXJkdXIuZGVcL3dwLWNvbnRlbnRcL3VwbG9hZHNcLzIwMTlcLzA3XC9JTUdfMzcwMy5qcGciLCJzbGlkZXNob3ciOiIzMGEzOTY4In0%3D\" href='https:\/\/skjolgardur.de\/wp-content\/uploads\/2019\/07\/IMG_3703.jpg'><img loading=\"lazy\" decoding=\"async\" width=\"768\" height=\"512\" src=\"https:\/\/skjolgardur.de\/wp-content\/uploads\/2019\/07\/IMG_3703-768x512.jpg\" class=\"attachment-medium_large size-medium_large\" alt=\"\" srcset=\"https:\/\/skjolgardur.de\/wp-content\/uploads\/2019\/07\/IMG_3703-768x512.jpg 768w, https:\/\/skjolgardur.de\/wp-content\/uploads\/2019\/07\/IMG_3703-300x200.jpg 300w, https:\/\/skjolgardur.de\/wp-content\/uploads\/2019\/07\/IMG_3703-1024x682.jpg 1024w, https:\/\/skjolgardur.de\/wp-content\/uploads\/2019\/07\/IMG_3703.jpg 1280w\" sizes=\"(max-width: 768px) 100vw, 768px\" \/><\/a>\n\t\t\t<\/div><\/figure><figure class='gallery-item'>\n\t\t\t<div class='gallery-icon landscape'>\n\t\t\t\t<a data-elementor-open-lightbox=\"yes\" data-elementor-lightbox-slideshow=\"30a3968\" data-elementor-lightbox-title=\"Argentina\" data-e-action-hash=\"#elementor-action%3Aaction%3Dlightbox%26settings%3DeyJpZCI6MTEyLCJ1cmwiOiJodHRwczpcL1wvc2tqb2xnYXJkdXIuZGVcL3dwLWNvbnRlbnRcL3VwbG9hZHNcLzIwMThcLzA3XC9BcmdlbnRpbmEuanBnIiwic2xpZGVzaG93IjoiMzBhMzk2OCJ9\" href='https:\/\/skjolgardur.de\/wp-content\/uploads\/2018\/07\/Argentina.jpg'><img loading=\"lazy\" decoding=\"async\" width=\"768\" height=\"512\" src=\"https:\/\/skjolgardur.de\/wp-content\/uploads\/2018\/07\/Argentina-768x512.jpg\" class=\"attachment-medium_large size-medium_large\" alt=\"\" srcset=\"https:\/\/skjolgardur.de\/wp-content\/uploads\/2018\/07\/Argentina-768x512.jpg 768w, https:\/\/skjolgardur.de\/wp-content\/uploads\/2018\/07\/Argentina-300x200.jpg 300w, https:\/\/skjolgardur.de\/wp-content\/uploads\/2018\/07\/Argentina-1024x683.jpg 1024w\" sizes=\"(max-width: 768px) 100vw, 768px\" \/><\/a>\n\t\t\t<\/div><\/figure><figure class='gallery-item'>\n\t\t\t<div class='gallery-icon landscape'>\n\t\t\t\t<a data-elementor-open-lightbox=\"yes\" data-elementor-lightbox-slideshow=\"30a3968\" data-elementor-lightbox-title=\"Hvinur (1 von 1)\" data-e-action-hash=\"#elementor-action%3Aaction%3Dlightbox%26settings%3DeyJpZCI6MTYzLCJ1cmwiOiJodHRwczpcL1wvc2tqb2xnYXJkdXIuZGVcL3dwLWNvbnRlbnRcL3VwbG9hZHNcLzIwMTlcLzA3XC9IdmludXItMS12b24tMS5qcGVnIiwic2xpZGVzaG93IjoiMzBhMzk2OCJ9\" href='https:\/\/skjolgardur.de\/wp-content\/uploads\/2019\/07\/Hvinur-1-von-1.jpeg'><img loading=\"lazy\" decoding=\"async\" width=\"768\" height=\"512\" src=\"https:\/\/skjolgardur.de\/wp-content\/uploads\/2019\/07\/Hvinur-1-von-1-768x512.jpeg\" class=\"attachment-medium_large size-medium_large\" alt=\"\" srcset=\"https:\/\/skjolgardur.de\/wp-content\/uploads\/2019\/07\/Hvinur-1-von-1-768x512.jpeg 768w, https:\/\/skjolgardur.de\/wp-content\/uploads\/2019\/07\/Hvinur-1-von-1-300x200.jpeg 300w, https:\/\/skjolgardur.de\/wp-content\/uploads\/2019\/07\/Hvinur-1-von-1-1024x682.jpeg 1024w\" sizes=\"(max-width: 768px) 100vw, 768px\" \/><\/a>\n\t\t\t<\/div><\/figure>\n\t\t<\/div>\n\t\t<\/div>\n\t\t\t\t\t\t<\/div>\n\t\t\t\t<\/div>\n\t\t\t\t<div class=\"elementor-element elementor-element-64181c4 elementor-widget-divider--view-line elementor-widget elementor-widget-divider\" data-id=\"64181c4\" data-element_type=\"widget\" data-e-type=\"widget\" data-widget_type=\"divider.default\">\n\t\t\t\t<div class=\"elementor-widget-container\">\n\t\t\t\t\t\t\t<div class=\"elementor-divider\">\n\t\t\t<span class=\"elementor-divider-separator\">\n\t\t\t\t\t\t<\/span>\n\t\t<\/div>\n\t\t\t\t\t\t<\/div>\n\t\t\t\t<\/div>\n\t\t\t\t\t<\/div>\n\t\t<\/div>\n\t\t\t\t\t<\/div>\n\t\t<\/section>\n\t\t\t\t<section class=\"elementor-section elementor-top-section elementor-element elementor-element-df70f18 elementor-section-boxed elementor-section-height-default elementor-section-height-default\" data-id=\"df70f18\" data-element_type=\"section\" data-e-type=\"section\">\n\t\t\t\t\t\t<div class=\"elementor-container elementor-column-gap-default\">\n\t\t\t\t\t<div class=\"elementor-column elementor-col-100 elementor-top-column elementor-element elementor-element-c4e54cb\" data-id=\"c4e54cb\" data-element_type=\"column\" data-e-type=\"column\">\n\t\t\t<div class=\"elementor-widget-wrap elementor-element-populated\">\n\t\t\t\t\t\t<div class=\"elementor-element elementor-element-842a9e3 elementor-widget elementor-widget-heading\" data-id=\"842a9e3\" data-element_type=\"widget\" data-e-type=\"widget\" data-widget_type=\"heading.default\">\n\t\t\t\t<div class=\"elementor-widget-container\">\n\t\t\t\t\t<h1 class=\"elementor-heading-title elementor-size-default\">Unsere Stammhengst und \"Herzenspferd\"<\/h1>\t\t\t\t<\/div>\n\t\t\t\t<\/div>\n\t\t\t\t\t<\/div>\n\t\t<\/div>\n\t\t\t\t\t<\/div>\n\t\t<\/section>\n\t\t\t\t<section class=\"elementor-section elementor-top-section elementor-element elementor-element-24cea69 elementor-section-boxed elementor-section-height-default elementor-section-height-default\" data-id=\"24cea69\" data-element_type=\"section\" data-e-type=\"section\">\n\t\t\t\t\t\t<div class=\"elementor-container elementor-column-gap-default\">\n\t\t\t\t\t<div class=\"elementor-column elementor-col-33 elementor-top-column elementor-element elementor-element-d23b55f\" data-id=\"d23b55f\" data-element_type=\"column\" data-e-type=\"column\">\n\t\t\t<div class=\"elementor-widget-wrap elementor-element-populated\">\n\t\t\t\t\t\t<div class=\"elementor-element elementor-element-8c64475 elementor-widget elementor-widget-image\" data-id=\"8c64475\" data-element_type=\"widget\" data-e-type=\"widget\" data-widget_type=\"image.default\">\n\t\t\t\t<div class=\"elementor-widget-container\">\n\t\t\t\t\t\t\t\t\t\t\t\t\t\t\t<img loading=\"lazy\" decoding=\"async\" width=\"424\" height=\"1024\" src=\"https:\/\/skjolgardur.de\/wp-content\/uploads\/2021\/04\/Gandalfur-424x1024.jpg\" class=\"attachment-large size-large wp-image-296\" alt=\"\" srcset=\"https:\/\/skjolgardur.de\/wp-content\/uploads\/2021\/04\/Gandalfur-424x1024.jpg 424w, https:\/\/skjolgardur.de\/wp-content\/uploads\/2021\/04\/Gandalfur-124x300.jpg 124w, https:\/\/skjolgardur.de\/wp-content\/uploads\/2021\/04\/Gandalfur-768x1854.jpg 768w, https:\/\/skjolgardur.de\/wp-content\/uploads\/2021\/04\/Gandalfur-636x1536.jpg 636w, https:\/\/skjolgardur.de\/wp-content\/uploads\/2021\/04\/Gandalfur.jpg 830w\" sizes=\"(max-width: 424px) 100vw, 424px\" \/>\t\t\t\t\t\t\t\t\t\t\t\t\t\t\t<\/div>\n\t\t\t\t<\/div>\n\t\t\t\t\t<\/div>\n\t\t<\/div>\n\t\t\t\t<div class=\"elementor-column elementor-col-66 elementor-top-column elementor-element elementor-element-56d540f\" data-id=\"56d540f\" data-element_type=\"column\" data-e-type=\"column\">\n\t\t\t<div class=\"elementor-widget-wrap elementor-element-populated\">\n\t\t\t\t\t\t<div class=\"elementor-element elementor-element-3c21641 elementor-widget elementor-widget-text-editor\" data-id=\"3c21641\" data-element_type=\"widget\" data-e-type=\"widget\" data-widget_type=\"text-editor.default\">\n\t\t\t\t<div class=\"elementor-widget-container\">\n\t\t\t\t\t\t\t\t\t<h2><br><\/h2>\n<h2>Gand\u00e1lfur fr\u00e1 Selfossi<br>M: \u00c1lfd\u00eds fr\u00e1 Selfossi &nbsp; V:<span style=\"font-size: 14px;\">&nbsp;<\/span><span style=\"font-family: Roboto, sans-serif; font-size: 20px; font-style: normal; font-variant-caps: normal; font-weight: 600;\">Gustur fr\u00e1 Holi<br><\/span><br><\/h2>\n<h2>Gand\u00e1lfur deckt auch 2021 auf dem Islandpferdegest\u00fct Skj\u00f3lgardur bei Frankfurt\/Main &#8211; auf Absprache an der Hand und voraussichtlich ab Mitte Juli 2021 auf der Weide &#8211; Decktaxe 1.250,- \u20ac<\/h2>\n<h2><br><span style=\"font-size: 14px;\">Sein Vater&nbsp;Guntur fr\u00e1 Holi ist Ehrenpreistr\u00e4ger f\u00fcr Nachkommen.<\/span><br><span style=\"font-size: 14px;\">Von seiner Mutter \u00c1lfad\u00eds fr\u00e1 Selfossi stammen z.B. die Ausnahmehengste \u00c1lfasteinn fr\u00e1 Selfossi und \u00c1lfur fr\u00e1 Selfossi ab.<\/span><\/h2>\n<h2><br><span style=\"font-size: 14px;\">Gand\u00e1lfur wurde beim Landsm\u00f3t 2011 mit 8,46 beurteilt (Reiteigenschaften 8,72, Trab 9,5, Pass sowie Charakter und Gehwille 9,0).<\/span><\/h2>\n<h2><br><span style=\"font-size: 14px;\">Gand\u00e1lfur hat letztmals 2014 auf Island gedeckt und dort mehr als 130 Nachkommen. Danach stand er in Gro\u00dfbritannien und D\u00e4nemark, wo er aber nicht zum Deckeinsatz kam.<\/span><\/h2>\n<h2><br><span style=\"font-size: 14px;\">F\u00fcr uns war es ein extremer Gl\u00fccksfall, diesen Ausnahmehengst f\u00fcr die Zucht gewinnen zu k\u00f6nnen. Dazu hat er uns gleicherma\u00dfen mit seinen au\u00dferordentlichen Reiteigenschaften und seinem h\u00f6flichen und kooperativen Charakter begeistert, die er an seine Nachkommen weitergibt, wie z.B. an&nbsp;<\/span><span style=\"font-size: 14px; font-weight: bold;\">\u00c1 fr\u00e1 P\u00e9tursbergi, Abel fr\u00e1 Nordal, G\u00e1ri fr\u00e1 Birkley und Styrkur fr\u00e9 Leysingjast\u00f6dum II.<\/span><br><span style=\"font-size: 14px;\"><br><\/span><span style=\"font-size: 14px;\"><span style=\"font-size: 14px; font-weight: bold;\">Wir haben bereits zwei herausragende Fohlenjahrg\u00e4nge mit Gand\u00e1lfur gezogen. Und wir freuen uns mit anderen Z\u00fcchtern \u00fcber deren vielversprechende Nachkommen. In 2021 erwarten wir vier weitere Nachkommen von unseren beiden Stammstuten und zwei selbstgezogenen Stuten.<\/span><\/span><\/h2>\t\t\t\t\t\t\t\t<\/div>\n\t\t\t\t<\/div>\n\t\t\t\t\t<\/div>\n\t\t<\/div>\n\t\t\t\t\t<\/div>\n\t\t<\/section>\n\t\t\t\t<section class=\"elementor-section elementor-top-section elementor-element elementor-element-a451f31 elementor-section-boxed elementor-section-height-default elementor-section-height-default\" data-id=\"a451f31\" data-element_type=\"section\" data-e-type=\"section\">\n\t\t\t\t\t\t<div class=\"elementor-container elementor-column-gap-default\">\n\t\t\t\t\t<div class=\"elementor-column elementor-col-50 elementor-top-column elementor-element elementor-element-0507abf\" data-id=\"0507abf\" data-element_type=\"column\" data-e-type=\"column\">\n\t\t\t<div class=\"elementor-widget-wrap elementor-element-populated\">\n\t\t\t\t\t\t<div class=\"elementor-element elementor-element-acaa591 elementor-widget elementor-widget-image\" data-id=\"acaa591\" data-element_type=\"widget\" data-e-type=\"widget\" data-widget_type=\"image.default\">\n\t\t\t\t<div class=\"elementor-widget-container\">\n\t\t\t\t\t\t\t\t\t\t\t\t\t\t\t<img loading=\"lazy\" decoding=\"async\" width=\"480\" height=\"456\" src=\"https:\/\/skjolgardur.de\/wp-content\/uploads\/2018\/06\/40094bc7-7b4d-4d82-bc2c-c30bc69f4541.jpg\" class=\"attachment-large size-large wp-image-86\" alt=\"\" srcset=\"https:\/\/skjolgardur.de\/wp-content\/uploads\/2018\/06\/40094bc7-7b4d-4d82-bc2c-c30bc69f4541.jpg 480w, https:\/\/skjolgardur.de\/wp-content\/uploads\/2018\/06\/40094bc7-7b4d-4d82-bc2c-c30bc69f4541-300x285.jpg 300w\" sizes=\"(max-width: 480px) 100vw, 480px\" \/>\t\t\t\t\t\t\t\t\t\t\t\t\t\t\t<\/div>\n\t\t\t\t<\/div>\n\t\t\t\t\t<\/div>\n\t\t<\/div>\n\t\t\t\t<div class=\"elementor-column elementor-col-50 elementor-top-column elementor-element elementor-element-bcb0f06\" data-id=\"bcb0f06\" data-element_type=\"column\" data-e-type=\"column\">\n\t\t\t<div class=\"elementor-widget-wrap elementor-element-populated\">\n\t\t\t\t\t\t<div class=\"elementor-element elementor-element-a6c6eb8 elementor-widget elementor-widget-image\" data-id=\"a6c6eb8\" data-element_type=\"widget\" data-e-type=\"widget\" data-widget_type=\"image.default\">\n\t\t\t\t<div class=\"elementor-widget-container\">\n\t\t\t\t\t\t\t\t\t\t\t\t\t\t\t<img loading=\"lazy\" decoding=\"async\" width=\"454\" height=\"480\" src=\"https:\/\/skjolgardur.de\/wp-content\/uploads\/2018\/06\/f47c9694-e4b2-4a07-868f-5c13b906d68f.jpg\" class=\"attachment-large size-large wp-image-88\" alt=\"\" srcset=\"https:\/\/skjolgardur.de\/wp-content\/uploads\/2018\/06\/f47c9694-e4b2-4a07-868f-5c13b906d68f.jpg 454w, https:\/\/skjolgardur.de\/wp-content\/uploads\/2018\/06\/f47c9694-e4b2-4a07-868f-5c13b906d68f-284x300.jpg 284w\" sizes=\"(max-width: 454px) 100vw, 454px\" \/>\t\t\t\t\t\t\t\t\t\t\t\t\t\t\t<\/div>\n\t\t\t\t<\/div>\n\t\t\t\t\t<\/div>\n\t\t<\/div>\n\t\t\t\t\t<\/div>\n\t\t<\/section>\n\t\t\t\t<\/div>\n\t\t","protected":false},"excerpt":{"rendered":"<p>Mit viel Liebe und &#8222;Z\u00fcchtergl\u00fcck&#8220; haben wir fast zwei Jahrzehnte unser Zuchtziel verfolgt: Leicht auszubildende Pferde mit tadellosem Charakter, die sowohl als verl\u00e4ssliches Freizeitpferd als auch im Turniersport einsetzbar sind. Aus Altersgr\u00fcnden haben wir beschlossen, unsere Zucht aufzugeben und unsere Pferde Ambitionierten &#8222;Pferdemenschen&#8220; anzuvertrauen.Gand\u00e1lfur fr\u00e1 Selfossi bleibt weiter in unserem Besitz und freut sich auch [&hellip;]<\/p>\n","protected":false},"author":1,"featured_media":0,"parent":0,"menu_order":0,"comment_status":"closed","ping_status":"closed","template":"elementor_header_footer","meta":{"ocean_post_layout":"","ocean_both_sidebars_style":"","ocean_both_sidebars_content_width":0,"ocean_both_sidebars_sidebars_width":0,"ocean_sidebar":"0","ocean_second_sidebar":"0","ocean_disable_margins":"enable","ocean_add_body_class":"","ocean_shortcode_before_top_bar":"","ocean_shortcode_after_top_bar":"","ocean_shortcode_before_header":"","ocean_shortcode_after_header":"","ocean_has_shortcode":"","ocean_shortcode_after_title":"","ocean_shortcode_before_footer_widgets":"","ocean_shortcode_after_footer_widgets":"","ocean_shortcode_before_footer_bottom":"","ocean_shortcode_after_footer_bottom":"","ocean_display_top_bar":"default","ocean_display_header":"default","ocean_header_style":"","ocean_center_header_left_menu":"0","ocean_custom_header_template":"0","ocean_custom_logo":0,"ocean_custom_retina_logo":0,"ocean_custom_logo_max_width":0,"ocean_custom_logo_tablet_max_width":0,"ocean_custom_logo_mobile_max_width":0,"ocean_custom_logo_max_height":0,"ocean_custom_logo_tablet_max_height":0,"ocean_custom_logo_mobile_max_height":0,"ocean_header_custom_menu":"0","ocean_menu_typo_font_family":"0","ocean_menu_typo_font_subset":"","ocean_menu_typo_font_size":0,"ocean_menu_typo_font_size_tablet":0,"ocean_menu_typo_font_size_mobile":0,"ocean_menu_typo_font_size_unit":"px","ocean_menu_typo_font_weight":"","ocean_menu_typo_font_weight_tablet":"","ocean_menu_typo_font_weight_mobile":"","ocean_menu_typo_transform":"","ocean_menu_typo_transform_tablet":"","ocean_menu_typo_transform_mobile":"","ocean_menu_typo_line_height":0,"ocean_menu_typo_line_height_tablet":0,"ocean_menu_typo_line_height_mobile":0,"ocean_menu_typo_line_height_unit":"","ocean_menu_typo_spacing":0,"ocean_menu_typo_spacing_tablet":0,"ocean_menu_typo_spacing_mobile":0,"ocean_menu_typo_spacing_unit":"","ocean_menu_link_color":"","ocean_menu_link_color_hover":"","ocean_menu_link_color_active":"","ocean_menu_link_background":"","ocean_menu_link_hover_background":"","ocean_menu_link_active_background":"","ocean_menu_social_links_bg":"","ocean_menu_social_hover_links_bg":"","ocean_menu_social_links_color":"","ocean_menu_social_hover_links_color":"","ocean_disable_title":"default","ocean_disable_heading":"default","ocean_post_title":"","ocean_post_subheading":"","ocean_post_title_style":"","ocean_post_title_background_color":"","ocean_post_title_background":0,"ocean_post_title_bg_image_position":"","ocean_post_title_bg_image_attachment":"","ocean_post_title_bg_image_repeat":"","ocean_post_title_bg_image_size":"","ocean_post_title_height":0,"ocean_post_title_bg_overlay":0.5,"ocean_post_title_bg_overlay_color":"","ocean_disable_breadcrumbs":"default","ocean_breadcrumbs_color":"","ocean_breadcrumbs_separator_color":"","ocean_breadcrumbs_links_color":"","ocean_breadcrumbs_links_hover_color":"","ocean_display_footer_widgets":"default","ocean_display_footer_bottom":"default","ocean_custom_footer_template":"0","footnotes":""},"class_list":["post-20","page","type-page","status-publish","hentry","entry"],"_links":{"self":[{"href":"https:\/\/skjolgardur.de\/index.php?rest_route=\/wp\/v2\/pages\/20"}],"collection":[{"href":"https:\/\/skjolgardur.de\/index.php?rest_route=\/wp\/v2\/pages"}],"about":[{"href":"https:\/\/skjolgardur.de\/index.php?rest_route=\/wp\/v2\/types\/page"}],"author":[{"embeddable":true,"href":"https:\/\/skjolgardur.de\/index.php?rest_route=\/wp\/v2\/users\/1"}],"replies":[{"embeddable":true,"href":"https:\/\/skjolgardur.de\/index.php?rest_route=%2Fwp%2Fv2%2Fcomments&post=20"}],"version-history":[{"count":35,"href":"https:\/\/skjolgardur.de\/index.php?rest_route=\/wp\/v2\/pages\/20\/revisions"}],"predecessor-version":[{"id":383,"href":"https:\/\/skjolgardur.de\/index.php?rest_route=\/wp\/v2\/pages\/20\/revisions\/383"}],"wp:attachment":[{"href":"https:\/\/skjolgardur.de\/index.php?rest_route=%2Fwp%2Fv2%2Fmedia&parent=20"}],"curies":[{"name":"wp","href":"https:\/\/api.w.org\/{rel}","templated":true}]}}